{"id":132,"date":"2026-03-12T10:54:49","date_gmt":"2026-03-12T10:54:49","guid":{"rendered":"https:\/\/manchaseleccion.es\/?post_type=product&#038;p=132"},"modified":"2026-03-12T10:55:32","modified_gmt":"2026-03-12T10:55:32","slug":"flor-de-pingus-2023","status":"publish","type":"product","link":"https:\/\/manchaseleccion.es\/index.php\/producto\/flor-de-pingus-2023\/","title":{"rendered":"Flor de Pingus 2023"},"content":{"rendered":"<p>&#8220;Mi vino de pueblo&#8221;, as\u00ed es como\u00a0<strong>Peter Sisseck<\/strong>\u00a0se refiere a\u00a0<strong>Flor de Pingus<\/strong>, tinto que con cada nueva a\u00f1ada repite altas valoraciones de los cr\u00edticos m\u00e1s prestigiosos por su espectacular calidad, al igual que su hermano mayor.<\/p>\n","protected":false},"excerpt":{"rendered":"<p>&#8220;Mi vino de pueblo&#8221;, as\u00ed es como\u00a0Peter Sisseck\u00a0se refiere a\u00a0Flor de Pingus, tinto que con cada nueva a\u00f1ada repite altas valoraciones de los cr\u00edticos m\u00e1s prestigiosos por su espectacular calidad, al igual que su hermano mayor.<\/p>\n","protected":false},"featured_media":135,"comment_status":"open","ping_status":"closed","template":"","meta":[],"product_brand":[],"product_cat":[19],"product_tag":[],"class_list":{"0":"post-132","1":"product","2":"type-product","3":"status-publish","4":"has-post-thumbnail","6":"product_cat-sin-categorizar","8":"first","9":"instock","10":"sale","11":"shipping-taxable","12":"purchasable","13":"product-type-simple"},"jetpack_sharing_enabled":true,"_links":{"self":[{"href":"https:\/\/manchaseleccion.es\/index.php\/wp-json\/wp\/v2\/product\/132","targetHints":{"allow":["GET"]}}],"collection":[{"href":"https:\/\/manchaseleccion.es\/index.php\/wp-json\/wp\/v2\/product"}],"about":[{"href":"https:\/\/manchaseleccion.es\/index.php\/wp-json\/wp\/v2\/types\/product"}],"replies":[{"embeddable":true,"href":"https:\/\/manchaseleccion.es\/index.php\/wp-json\/wp\/v2\/comments?post=132"}],"wp:featuredmedia":[{"embeddable":true,"href":"https:\/\/manchaseleccion.es\/index.php\/wp-json\/wp\/v2\/media\/135"}],"wp:attachment":[{"href":"https:\/\/manchaseleccion.es\/index.php\/wp-json\/wp\/v2\/media?parent=132"}],"wp:term":[{"taxonomy":"product_brand","embeddable":true,"href":"https:\/\/manchaseleccion.es\/index.php\/wp-json\/wp\/v2\/product_brand?post=132"},{"taxonomy":"product_cat","embeddable":true,"href":"https:\/\/manchaseleccion.es\/index.php\/wp-json\/wp\/v2\/product_cat?post=132"},{"taxonomy":"product_tag","embeddable":true,"href":"https:\/\/manchaseleccion.es\/index.php\/wp-json\/wp\/v2\/product_tag?post=132"}],"curies":[{"name":"wp","href":"https:\/\/api.w.org\/{rel}","templated":true}]}}