{"id":67,"date":"2026-03-10T12:51:34","date_gmt":"2026-03-10T12:51:34","guid":{"rendered":"https:\/\/manchaseleccion.es\/index.php\/home\/"},"modified":"2026-03-12T14:57:33","modified_gmt":"2026-03-12T14:57:33","slug":"home","status":"publish","type":"page","link":"https:\/\/manchaseleccion.es\/","title":{"rendered":"Home"},"content":{"rendered":"\n<div class=\"section-wrapper\" data-id=\"4qr4Df\"><section class=\"wp-block-gutenverse-section guten-element guten-section guten-4qr4Df layout-boxed align-stretch\"><div class=\"guten-background-overlay\"><\/div><div class=\"guten-container guten-column-gap-default\">\n<div class=\"wp-block-gutenverse-column guten-element guten-column guten-3vgI6y\"><div class=\"guten-column-wrapper\" data-id=\"3vgI6y\">\n<h1 class=\"wp-block-gutenverse-heading guten-element guten-q3mXI6 animated guten-element-hide desktop-fadeInUp\">Mancha Selecci\u00f3n<\/h1>\n\n\n\n<div class=\"guten-element gutenverse-text-editor guten-G75p02\"><div class=\"text-content-inner\">\n<p class=\"has-text-color has-link-color wp-elements-5b53d3b1a40ef8798b481d9178fe6bdf\" style=\"color:#f6f1e7\"><strong>Descubre una selecci\u00f3n de productos manchegos y gourmet elegidos por su origen, tradici\u00f3n y excelencia gastron\u00f3mica.<\/strong><\/p>\n<\/div><\/div>\n\n\n\n<div class=\"guten-element guten-button-wrapper guten-eMzUe0 animated guten-element-hide desktop-fadeInUp\"><a class=\"guten-button guten-button-sm\" href=\"https:\/\/manchaseleccion.es\/index.php\/tienda\/\"><span>Descubrir Nuestros<br>Productos<\/span><\/a><\/div>\n<\/div><\/div>\n<\/div><\/section><\/div>\n\n\n\n<div class=\"section-wrapper\" data-id=\"Rthj1H\"><section class=\"wp-block-gutenverse-section guten-element guten-section guten-Rthj1H slow layout-boxed align-stretch\"><div class=\"guten-container guten-column-gap-default\">\n<div class=\"wp-block-gutenverse-column guten-element guten-column guten-XTtDqn\"><div class=\"guten-column-wrapper\" data-id=\"XTtDqn\">\n<div class=\"section-wrapper\" data-id=\"gnUI0k\"><section class=\"wp-block-gutenverse-section guten-element guten-section guten-gnUI0k layout-boxed align-stretch\"><div class=\"guten-container guten-column-gap-no\">\n<div class=\"wp-block-gutenverse-column guten-element guten-column guten-PqwXja\"><div class=\"guten-column-wrapper\" data-id=\"PqwXja\">\n<div class=\"guten-element guten-Z3I65A animated guten-element-hide desktop-fadeInUp guten-icon-box icon-position-top\"><div class=\"guten-icon-box-wrapper hover-from-left\"><div class=\"icon-box icon-box-header\"><div class=\"icon bg-style-color\"><i class=\"fas fa-user-check icon-style-color\"><\/i><\/div><\/div><div class=\"icon-box icon-box-body\"><h3 class=\"title\"><strong>Selecci\u00f3n cuidada<\/strong><\/h3><p class=\"icon-box-description\">Elegimos cada producto con criterio, valorando su origen, elaboraci\u00f3n, autenticidad y sabor antes de incorporarlo a nuestra tienda.<\/p><\/div><\/div><\/div>\n<\/div><\/div>\n\n\n\n<div class=\"wp-block-gutenverse-column guten-element guten-column guten-nlbxqz\"><div class=\"guten-column-wrapper\" data-id=\"nlbxqz\">\n<div class=\"guten-element guten-3n7Hcj animated guten-element-hide desktop-fadeInUp guten-icon-box icon-position-top\"><div class=\"guten-icon-box-wrapper hover-from-left\"><div class=\"icon-box icon-box-header\"><div class=\"icon bg-style-color\"><i class=\"fas fa-money-check icon-style-color\"><\/i><\/div><\/div><div class=\"icon-box icon-box-body\"><h3 class=\"title\"><strong>Calidad gourmet<\/strong><\/h3><p class=\"icon-box-description\">Quesos, embutidos, vinos, aceites, conservas y especialidades seleccionadas para ofrecer una experiencia gastron\u00f3mica aut\u00e9ntica.<\/p><\/div><\/div><\/div>\n<\/div><\/div>\n\n\n\n<div class=\"wp-block-gutenverse-column guten-element guten-column guten-uGayZj\"><div class=\"guten-column-wrapper\" data-id=\"uGayZj\">\n<div class=\"guten-element guten-xxypYW animated guten-element-hide desktop-fadeInUp guten-icon-box icon-position-top\"><div class=\"guten-icon-box-wrapper hover-from-left\"><div class=\"icon-box icon-box-header\"><div class=\"icon bg-style-color\"><i class=\"fas fa-user-circle icon-style-color\"><\/i><\/div><\/div><div class=\"icon-box icon-box-body\"><h3 class=\"title\"><strong>Env\u00edo y atenci\u00f3n<\/strong><\/h3><p class=\"icon-box-description\">Preparamos cada pedido con cuidado y ofrecemos un servicio cercano, embalaje seguro y distribuci\u00f3n nacional a toda Espa\u00f1a.<\/p><\/div><\/div><\/div>\n<\/div><\/div>\n<\/div><\/section><\/div>\n<\/div><\/div>\n<\/div><\/section><\/div>\n\n\n\n<div class=\"section-wrapper\" data-id=\"5e9nnt\"><section class=\"wp-block-gutenverse-section guten-element guten-section guten-5e9nnt layout-boxed align-stretch\" id=\"nosotros\"><div class=\"guten-container guten-column-gap-no\">\n<div class=\"wp-block-gutenverse-column guten-element guten-column guten-LLkRjW\"><div class=\"guten-column-wrapper\" data-id=\"LLkRjW\">\n<div class=\"wp-block-gutenverse-image guten-element guten-image guten-zzXU48 animated guten-element-hide desktop-fadeInLeft\"><div class=\"guten-image-wrapper\"><img decoding=\"async\" class=\"gutenverse-image-box-filled\" src=\"https:\/\/manchaseleccion.es\/wp-content\/uploads\/2026\/03\/ChatGPT-Image-10-mar-2026-17_08_55.png\" height=\"1024\" width=\"1536\" alt=\"FLOTA EMPRESA\"\/><\/div><\/div>\n<\/div><\/div>\n\n\n\n<div class=\"wp-block-gutenverse-column guten-element guten-column guten-hm22ZI\"><div class=\"guten-column-wrapper\" data-id=\"hm22ZI\">\n<h5 class=\"wp-block-gutenverse-heading guten-element guten-7otlnJ animated guten-element-hide desktop-fadeInRight\"><strong>Qui\u00e9nes somos<\/strong><\/h5>\n\n\n\n<h2 class=\"wp-block-gutenverse-heading guten-element guten-2W1hqH animated guten-element-hide desktop-fadeInRight\">Tradici\u00f3n, criterio y pasi\u00f3n por el producto<\/h2>\n\n\n\n<div class=\"guten-element gutenverse-text-editor guten-wb6sWe animated guten-element-hide desktop-fadeInRight\"><div class=\"text-content-inner\">\n<p class=\"has-text-color has-link-color wp-elements-8e2b04a7208ca5875ee103418d9e724a\" style=\"color:#6a625a\"><strong>Mancha Selecci\u00f3n nace con la idea de acercar a tu mesa productos manchegos y gourmet elegidos uno a uno por su autenticidad, calidad y sabor. Apostamos por la tradici\u00f3n, el buen hacer y una selecci\u00f3n cuidada que pone en valor el origen y la excelencia gastron\u00f3mica.<\/strong><\/p>\n<\/div><\/div>\n\n\n\n<div class=\"section-wrapper\" data-id=\"1SUHJi\"><section class=\"wp-block-gutenverse-section guten-element guten-section guten-1SUHJi animated guten-element-hide desktop-fadeInRight layout-boxed align-stretch\"><div class=\"guten-container guten-column-gap-no\">\n<div class=\"wp-block-gutenverse-column guten-element guten-column guten-hllSXT\"><div class=\"guten-column-wrapper\" data-id=\"hllSXT\">\n<div class=\"guten-element gutenverse-text-editor guten-BEjv11\"><div class=\"text-content-inner\">\n<p class=\"has-text-color has-link-color wp-elements-30b4be64e7e0743b527fcd5ac857d67a\" style=\"color:#6a625a\"><strong>\u201cCada producto que vendemos ha sido elegido con criterio, probado y aprobado. Queremos que cada bocado sea una experiencia aut\u00e9ntica y memorable para nuestros clientes.\u201d<\/strong><\/p>\n<\/div><\/div>\n\n\n\n<div class=\"wp-block-gutenverse-icon guten-element guten-GLgqvo guten-icon\"><span class=\"guten-icon-wrapper custom stacked\"><i class=\"gtn gtn-quote-light\"><\/i><\/span><\/div>\n<\/div><\/div>\n<\/div><\/section><\/div>\n<\/div><\/div>\n<\/div><\/section><\/div>\n\n\n\n<div class=\"section-wrapper\" data-id=\"uL3WNu\"><section class=\"wp-block-gutenverse-section guten-element guten-section guten-uL3WNu layout-boxed align-stretch\" id=\"productos\"><div class=\"guten-background-overlay\"><\/div><div class=\"guten-container guten-column-gap-no\">\n<div class=\"wp-block-gutenverse-column guten-element guten-column guten-Tf7s4t\"><div class=\"guten-column-wrapper\" data-id=\"Tf7s4t\">\n<h5 class=\"wp-block-gutenverse-heading guten-element guten-VibiRx animated guten-element-hide desktop-fadeInUp\"><strong>Nuestros servicios<\/strong><\/h5>\n\n\n\n<h2 class=\"wp-block-gutenverse-heading guten-element guten-gFYC7c animated guten-element-hide desktop-fadeInUp\"><strong>Una selecci\u00f3n gourmet pensada para disfrutar, regalar y compartir<\/strong><\/h2>\n\n\n\n<div class=\"guten-element gutenverse-text-editor guten-3RPwN7 animated guten-element-hide desktop-fadeInUp\"><div class=\"text-content-inner\">\n<p class=\"has-text-color has-link-color wp-elements-1e1b90b84df90587d8590a2ef3bfb245\" style=\"color:#f6f1e7\"><strong>En Mancha Selecci\u00f3n reunimos productos manchegos y gourmet elegidos con criterio, packs para regalo y env\u00edo nacional con una atenci\u00f3n cuidada.<\/strong><\/p>\n<\/div><\/div>\n\n\n\n<div class=\"section-wrapper\" data-id=\"2IMNVq\"><section class=\"wp-block-gutenverse-section guten-element guten-section guten-2IMNVq slow layout-boxed align-stretch\"><div class=\"guten-container guten-column-gap-no\">\n<div class=\"wp-block-gutenverse-column guten-element guten-column guten-XBu5sY\"><div class=\"guten-column-wrapper\" data-id=\"XBu5sY\">\n<div class=\"guten-element guten-9Xt3hx animated guten-element-hide desktop-fadeInUp guten-icon-box icon-position-top\"><div class=\"guten-icon-box-wrapper hover-from-left\"><div class=\"icon-box icon-box-header\"><div class=\"icon bg-style-color\"><i class=\"gtn gtn-cheese-solid icon-style-color\"><\/i><\/div><\/div><div class=\"icon-box icon-box-body\"><h3 class=\"title\"><strong>Quesos seleccionados<\/strong><\/h3><p class=\"icon-box-description\">Descubre quesos manchegos y otras variedades gourmet elegidas por su sabor, autenticidad y cuidada elaboraci\u00f3n.<\/p><\/div><\/div><\/div>\n<\/div><\/div>\n\n\n\n<div class=\"wp-block-gutenverse-column guten-element guten-column guten-PFbrIW\"><div class=\"guten-column-wrapper\" data-id=\"PFbrIW\">\n<div class=\"guten-element guten-CHNSY2 animated guten-element-hide desktop-fadeInUp guten-icon-box icon-position-top\"><div class=\"guten-icon-box-wrapper hover-from-left\"><div class=\"icon-box icon-box-header\"><div class=\"icon bg-style-color\"><i class=\"gtn gtn-bacon-solid icon-style-color\"><\/i><\/div><\/div><div class=\"icon-box icon-box-body\"><h3 class=\"title\"><strong>Embutidos y jamones<\/strong><\/h3><p class=\"icon-box-description\">Una selecci\u00f3n de embutidos y jamones de calidad, escogidos para ofrecer tradici\u00f3n, intensidad y excelencia gastron\u00f3mica.<\/p><\/div><\/div><\/div>\n<\/div><\/div>\n\n\n\n<div class=\"wp-block-gutenverse-column guten-element guten-column guten-wgjxWE\"><div class=\"guten-column-wrapper\" data-id=\"wgjxWE\">\n<div class=\"guten-element guten-jR8kCP animated guten-element-hide desktop-fadeInUp guten-icon-box icon-position-top\"><div class=\"guten-icon-box-wrapper hover-from-left\"><div class=\"icon-box icon-box-header\"><div class=\"icon bg-style-color\"><i class=\"gtn gtn-wine-bottle-solid icon-style-color\"><\/i><\/div><\/div><div class=\"icon-box icon-box-body\"><h3 class=\"title\"><strong>Vinos, aceites y miel<\/strong><\/h3><p class=\"icon-box-description\">Productos esenciales de nuestra gastronom\u00eda seleccionados por su origen, equilibrio y capacidad para acompa\u00f1ar cada experiencia.<\/p><\/div><\/div><\/div>\n<\/div><\/div>\n<\/div><\/section><\/div>\n\n\n\n<div class=\"section-wrapper\" data-id=\"z6ZvzV\"><section class=\"wp-block-gutenverse-section guten-element guten-section guten-z6ZvzV slow layout-boxed align-stretch\"><div class=\"guten-container guten-column-gap-no\">\n<div class=\"wp-block-gutenverse-column guten-element guten-column guten-SENnBD\"><div class=\"guten-column-wrapper\" data-id=\"SENnBD\">\n<div class=\"guten-element guten-Yozt5j animated guten-element-hide desktop-fadeInUp guten-icon-box icon-position-top\"><div class=\"guten-icon-box-wrapper hover-from-left\"><div class=\"icon-box icon-box-header\"><div class=\"icon bg-style-color\"><i class=\"gtn gtn-coins-1-light icon-style-color\"><\/i><\/div><\/div><div class=\"icon-box icon-box-body\"><h3 class=\"title\"><strong>Conservas y delicatessen<\/strong><\/h3><p class=\"icon-box-description\">Conservas, encurtidos y especialidades gourmet elegidas una a una para aportar variedad, calidad y sabor aut\u00e9ntico.<\/p><\/div><\/div><\/div>\n<\/div><\/div>\n\n\n\n<div class=\"wp-block-gutenverse-column guten-element guten-column guten-pye0x1\"><div class=\"guten-column-wrapper\" data-id=\"pye0x1\">\n<div class=\"guten-element guten-STFGXb animated guten-element-hide desktop-fadeInUp guten-icon-box icon-position-top\"><div class=\"guten-icon-box-wrapper hover-from-left\"><div class=\"icon-box icon-box-header\"><div class=\"icon bg-style-color\"><i class=\"gtn gtn-commerce-light icon-style-color\"><\/i><\/div><\/div><div class=\"icon-box icon-box-body\"><h3 class=\"title\"><strong>Packs gourmet<\/strong><\/h3><p class=\"icon-box-description\">Preparamos combinaciones ideales para regalo o degustaci\u00f3n, equilibrando productos, presentaci\u00f3n y experiencia.<\/p><\/div><\/div><\/div>\n<\/div><\/div>\n\n\n\n<div class=\"wp-block-gutenverse-column guten-element guten-column guten-cPlXht\"><div class=\"guten-column-wrapper\" data-id=\"cPlXht\">\n<div class=\"guten-element guten-B4VTaV animated guten-element-hide desktop-fadeInUp guten-icon-box icon-position-top\"><div class=\"guten-icon-box-wrapper hover-from-left\"><div class=\"icon-box icon-box-header\"><div class=\"icon bg-style-color\"><i class=\"gtn gtn-loan-light icon-style-color\"><\/i><\/div><\/div><div class=\"icon-box icon-box-body\"><h3 class=\"title\"><strong>Env\u00edo y asesoramiento<\/strong><\/h3><p class=\"icon-box-description\">Ofrecemos atenci\u00f3n cercana, recomendaciones gastron\u00f3micas y distribuci\u00f3n nacional con embalaje seguro y env\u00edo cuidado.<\/p><\/div><\/div><\/div>\n<\/div><\/div>\n<\/div><\/section><\/div>\n<\/div><\/div>\n<\/div><\/section><\/div>\n\n\n\n<div class=\"section-wrapper\" data-id=\"hWOsrW\"><section class=\"wp-block-gutenverse-section guten-element guten-section guten-hWOsrW layout-boxed align-stretch\"><div class=\"guten-container guten-column-gap-no\">\n<div class=\"wp-block-gutenverse-column guten-element guten-column guten-lTdEKL\"><div class=\"guten-column-wrapper\" data-id=\"lTdEKL\">\n<h5 class=\"wp-block-gutenverse-heading guten-element guten-B5Pvel animated guten-element-hide desktop-fadeInLeft\"><strong>Por qu\u00e9 elegirnos<\/strong><\/h5>\n\n\n\n<h2 class=\"wp-block-gutenverse-heading guten-element guten-LxkPRr animated guten-element-hide desktop-fadeInLeft\"><strong>La diferencia est\u00e1 en c\u00f3mo seleccionamos<\/strong><\/h2>\n\n\n\n<div class=\"guten-element gutenverse-text-editor guten-mWWWOZ animated guten-element-hide desktop-fadeInLeft\"><div class=\"text-content-inner\">\n<p class=\"has-text-color has-link-color wp-elements-6a8ef3fe0df9d0cfa1c54a9cdafef6c8\" style=\"color:#6a625a\"><strong>En Mancha Selecci\u00f3n no apostamos por la venta masiva. Elegimos cada producto por su origen, autenticidad, sabor y presentaci\u00f3n, cuidando cada detalle desde la selecci\u00f3n hasta el env\u00edo.<\/strong><\/p>\n<\/div><\/div>\n\n\n\n<div class=\"guten-element guten-progress-bar guten-Z3dpAf\"><div class=\"progress-group\"><div class=\"progress-skill-bar\"><div class=\"skill-bar-content\"><span class=\"skill-title\">Selecci\u00f3n cuidada<\/span><\/div><div class=\"skill-bar\"><div class=\"skill-track\" data-width=\"99\" data-duration=\"3500\"><div class=\"number-percentage-wrapper\"><span class=\"number-percentage loaded\"><\/span><\/div><\/div><\/div><\/div><\/div><\/div>\n\n\n\n<div class=\"guten-element guten-progress-bar guten-We5WqD\"><div class=\"progress-group\"><div class=\"progress-skill-bar\"><div class=\"skill-bar-content\"><span class=\"skill-title\">Calidad y autenticidad<\/span><\/div><div class=\"skill-bar\"><div class=\"skill-track\" data-width=\"98\" data-duration=\"3500\"><div class=\"number-percentage-wrapper\"><span class=\"number-percentage loaded\"><\/span><\/div><\/div><\/div><\/div><\/div><\/div>\n\n\n\n<div class=\"guten-element guten-progress-bar guten-2epFBl\"><div class=\"progress-group\"><div class=\"progress-skill-bar\"><div class=\"skill-bar-content\"><span class=\"skill-title\">Atenci\u00f3n personalizada<\/span><\/div><div class=\"skill-bar\"><div class=\"skill-track\" data-width=\"90\" data-duration=\"3500\"><div class=\"number-percentage-wrapper\"><span class=\"number-percentage loaded\"><\/span><\/div><\/div><\/div><\/div><\/div><\/div>\n\n\n\n<div class=\"guten-element guten-progress-bar guten-5tnlk8\"><div class=\"progress-group\"><div class=\"progress-skill-bar\"><div class=\"skill-bar-content\"><span class=\"skill-title\">Env\u00edo nacional seguro<\/span><\/div><div class=\"skill-bar\"><div class=\"skill-track\" data-width=\"95\" data-duration=\"3500\"><div class=\"number-percentage-wrapper\"><span class=\"number-percentage loaded\"><\/span><\/div><\/div><\/div><\/div><\/div><\/div>\n<\/div><\/div>\n\n\n\n<div class=\"wp-block-gutenverse-column guten-element guten-column guten-KpeFEu animated guten-element-hide desktop-fadeInRight\"><div class=\"guten-column-wrapper\" data-id=\"KpeFEu\">\n<div class=\"guten-element guten-spacer guten-9eGLMg\"><\/div>\n<\/div><\/div>\n<\/div><\/section><\/div>\n\n\n\n<div class=\"section-wrapper\" data-id=\"OqBJa3\"><section class=\"wp-block-gutenverse-section guten-element guten-section guten-OqBJa3 layout-boxed align-stretch\"><div class=\"guten-background-overlay\"><\/div><div class=\"guten-container guten-column-gap-default\">\n<div class=\"wp-block-gutenverse-column guten-element guten-column guten-PF1k7w\"><div class=\"guten-column-wrapper\" data-id=\"PF1k7w\">\n<h2 class=\"wp-block-gutenverse-heading guten-element guten-OBWF5r animated guten-element-hide desktop-fadeInUp\"><strong>Encuentra productos seleccionados con criterio y sabor aut\u00e9ntico<\/strong><\/h2>\n\n\n\n<div class=\"guten-element gutenverse-text-editor guten-2ST0Pm animated guten-element-hide desktop-fadeInUp\"><div class=\"text-content-inner\">\n<p class=\"has-text-color has-link-color wp-elements-ffbbd22c18f57af3954aef13a3682391\" style=\"color:#f6f1e7\"><strong>Quesos, embutidos, vinos, aceites, conservas y packs gourmet seleccionados uno a uno para ofrecer calidad, autenticidad y una experiencia gastron\u00f3mica \u00fanica.<\/strong><\/p>\n<\/div><\/div>\n\n\n\n<div class=\"guten-element guten-button-wrapper guten-W19JFe animated guten-element-hide desktop-fadeInUp\"><a class=\"guten-button guten-button-sm\" href=\"https:\/\/manchaseleccion.es\/index.php\/tienda\/\"><span><strong>Entrar en la tienda<\/strong><\/span><\/a><\/div>\n<\/div><\/div>\n<\/div><\/section><\/div>\n\n\n\n<div class=\"section-wrapper\" data-id=\"jE5fRc\"><section class=\"wp-block-gutenverse-section guten-element guten-section guten-jE5fRc layout-boxed align-stretch\" id=\"proceso\"><div class=\"guten-container guten-column-gap-default\">\n<div class=\"wp-block-gutenverse-column guten-element guten-column guten-KhvMhz\"><div class=\"guten-column-wrapper\" data-id=\"KhvMhz\">\n<h5 class=\"wp-block-gutenverse-heading guten-element guten-dbmFbD animated guten-element-hide desktop-fadeInUp\"><strong>Tu experiencia con Mancha Selecci\u00f3n<\/strong><\/h5>\n\n\n\n<h2 class=\"wp-block-gutenverse-heading guten-element guten-bsCdV0 animated guten-element-hide desktop-fadeInUp\"><strong>Del origen a tu mesa, cuidamos cada detalle<\/strong><\/h2>\n\n\n\n<div class=\"guten-element gutenverse-text-editor guten-0vkpId animated guten-element-hide desktop-fadeInUp\"><div class=\"text-content-inner\">\n<p class=\"has-text-color has-link-color wp-elements-a2757c297eee82db277876061d9808fb\" style=\"color:#6a625a\"><strong>Seleccionamos cada producto con criterio, preparamos cada pedido con cuidado y lo enviamos con la atenci\u00f3n que merece una experiencia gourmet.<\/strong><\/p>\n<\/div><\/div>\n\n\n\n<div class=\"section-wrapper\" data-id=\"3FX1Y1\"><section class=\"wp-block-gutenverse-section guten-element guten-section guten-3FX1Y1 slow layout-boxed align-stretch\"><div class=\"guten-container guten-column-gap-no\">\n<div class=\"wp-block-gutenverse-column guten-element guten-column guten-lSYSih\"><div class=\"guten-column-wrapper\" data-id=\"lSYSih\">\n<div class=\"wp-block-gutenverse-team guten-element guten-team guten-sncPyv animated guten-element-hide desktop-fadeInUp\"><div class=\"profile-box\"><div class=\"profile-card card-overlay default\"><img decoding=\"async\" src=\"https:\/\/manchaseleccion.es\/wp-content\/uploads\/2026\/03\/ChatGPT-Image-11-mar-2026-09_58_12.png\" alt=\"SELECCIONAMOS\" height=\"1024\" width=\"1536\"\/><div class=\"profile-body bottom\"><h3 class=\"profile-title \" aria-label=\"Profile Name\">Seleccionamos<\/h3><p class=\"profile-sub\" aria-label=\"Profile Job\">Elegimos productos manchegos y gourmet por su autenticidad, sabor, origen y calidad, evitando la venta masiva.<\/p><div class=\"socials-wrapper\"><\/div><\/div><\/div><\/div><\/div>\n<\/div><\/div>\n\n\n\n<div class=\"wp-block-gutenverse-column guten-element guten-column guten-QugB45\"><div class=\"guten-column-wrapper\" data-id=\"QugB45\">\n<div class=\"wp-block-gutenverse-team guten-element guten-team guten-DQMxmt animated guten-element-hide desktop-fadeInUp\"><div class=\"profile-box\"><div class=\"profile-card card-overlay default\"><img decoding=\"async\" src=\"https:\/\/manchaseleccion.es\/wp-content\/uploads\/2026\/03\/ChatGPT-Image-11-mar-2026-10_02_21.png\" alt=\"PREPARAMOS\" height=\"1024\" width=\"1536\"\/><div class=\"profile-body bottom\"><h3 class=\"profile-title \" aria-label=\"Profile Name\">Preparamos<\/h3><p class=\"profile-sub\" aria-label=\"Profile Job\">Cada pedido se revisa y se presenta con cuidado para que llegue con la imagen, el detalle y la calidad que esperas.<\/p><div class=\"socials-wrapper\"><\/div><\/div><\/div><\/div><\/div>\n<\/div><\/div>\n\n\n\n<div class=\"wp-block-gutenverse-column guten-element guten-column guten-ctSVFF\"><div class=\"guten-column-wrapper\" data-id=\"ctSVFF\">\n<div class=\"wp-block-gutenverse-team guten-element guten-team guten-Chanoy animated guten-element-hide desktop-fadeInUp\"><div class=\"profile-box\"><div class=\"profile-card card-overlay default\"><img decoding=\"async\" src=\"https:\/\/manchaseleccion.es\/wp-content\/uploads\/2026\/03\/ChatGPT-Image-11-mar-2026-10_08_25.png\" alt=\"ENVIAMOS\" height=\"1024\" width=\"1536\"\/><div class=\"profile-body bottom\"><h3 class=\"profile-title \" aria-label=\"Profile Name\">Enviamos<\/h3><p class=\"profile-sub\" aria-label=\"Profile Job\">Trabajamos con embalaje seguro y distribuci\u00f3n nacional para que cada selecci\u00f3n llegue en perfectas condiciones.<\/p><div class=\"socials-wrapper\"><\/div><\/div><\/div><\/div><\/div>\n<\/div><\/div>\n<\/div><\/section><\/div>\n<\/div><\/div>\n<\/div><\/section><\/div>\n\n\n\n<div class=\"section-wrapper\" data-id=\"rEmrpY\"><section class=\"wp-block-gutenverse-section guten-element guten-section guten-rEmrpY layout-boxed align-stretch\" id=\"contacto\"><div class=\"guten-container guten-column-gap-default\">\n<div class=\"wp-block-gutenverse-column guten-element guten-column guten-6PCZP8\"><div class=\"guten-column-wrapper\" data-id=\"6PCZP8\">\n<h5 class=\"wp-block-gutenverse-heading guten-element guten-jXfD6v animated guten-element-hide desktop-fadeInLeft\"><strong><strong>D\u00f3nde estamos<\/strong><\/strong><\/h5>\n\n\n\n<h2 class=\"wp-block-gutenverse-heading guten-element guten-ZEJ0mq animated guten-element-hide desktop-fadeInLeft\"><strong><strong>Vis\u00edtanos o contacta con Mancha Selecci\u00f3n<\/strong><\/strong><\/h2>\n\n\n\n<p class=\"has-text-align-center has-text-color has-link-color wp-elements-3a5724d51b02b7a00aab21ce8c430afc\" style=\"color:#6a625a\"><strong>Estamos en Albacete y trabajamos con venta online de productos gourmet, atenci\u00f3n personalizada y distribuci\u00f3n nacional. Si necesitas m\u00e1s informaci\u00f3n, puedes escribirnos o localizar nuestra direcci\u00f3n aqu\u00ed.<\/strong><\/p>\n\n\n\n<div class=\"guten-element guten-spacer guten-pKEjcA\"><\/div>\n\n\n\n<div class=\"guten-element gutenverse-maps guten-maps guten-TMldWz\" data-src=\"https:\/\/maps.google.com\/maps?q=C%2F%20C%C3%A1ceres%20n%C2%BA%205%2002006%2C%20Albacete%20(Espa%C3%B1a)&amp;z=15&amp;t=m&amp;output=embed&amp;iwloc=near\"><iframe frameborder=\"0\" scrolling=\"no\" marginheight=\"0\" marginwidth=\"0\" src=\"\" title=\"C\/ C\u00e1ceres n\u00ba 5 02006, Albacete (Espa\u00f1a)\"><\/iframe><\/div>\n<\/div><\/div>\n<\/div><\/section><\/div>\n\n\n\n<p><\/p>\n","protected":false},"excerpt":{"rendered":"","protected":false},"author":1,"featured_media":0,"parent":0,"menu_order":0,"comment_status":"closed","ping_status":"closed","template":"full-width","meta":{"footnotes":""},"class_list":["post-67","page","type-page","status-publish","hentry"],"jetpack_sharing_enabled":true,"_links":{"self":[{"href":"https:\/\/manchaseleccion.es\/index.php\/wp-json\/wp\/v2\/pages\/67","targetHints":{"allow":["GET"]}}],"collection":[{"href":"https:\/\/manchaseleccion.es\/index.php\/wp-json\/wp\/v2\/pages"}],"about":[{"href":"https:\/\/manchaseleccion.es\/index.php\/wp-json\/wp\/v2\/types\/page"}],"author":[{"embeddable":true,"href":"https:\/\/manchaseleccion.es\/index.php\/wp-json\/wp\/v2\/users\/1"}],"replies":[{"embeddable":true,"href":"https:\/\/manchaseleccion.es\/index.php\/wp-json\/wp\/v2\/comments?post=67"}],"version-history":[{"count":16,"href":"https:\/\/manchaseleccion.es\/index.php\/wp-json\/wp\/v2\/pages\/67\/revisions"}],"predecessor-version":[{"id":190,"href":"https:\/\/manchaseleccion.es\/index.php\/wp-json\/wp\/v2\/pages\/67\/revisions\/190"}],"wp:attachment":[{"href":"https:\/\/manchaseleccion.es\/index.php\/wp-json\/wp\/v2\/media?parent=67"}],"curies":[{"name":"wp","href":"https:\/\/api.w.org\/{rel}","templated":true}]}}